{"id":24,"date":"2023-07-24T12:07:42","date_gmt":"2023-07-24T12:07:42","guid":{"rendered":"https:\/\/schlappner.org\/?page_id=24"},"modified":"2025-10-16T15:32:39","modified_gmt":"2025-10-16T15:32:39","slug":"startseite","status":"publish","type":"page","link":"https:\/\/schlappner.org\/","title":{"rendered":"Startseite2"},"content":{"rendered":"\t\t<div data-elementor-type=\"wp-page\" data-elementor-id=\"24\" class=\"elementor elementor-24\">\n\t\t\t\t\t\t<section class=\"elementor-section elementor-top-section elementor-element elementor-element-6ac950f2 elementor-section-boxed elementor-section-height-default elementor-section-height-default\" data-id=\"6ac950f2\" data-element_type=\"section\">\n\t\t\t\t\t\t<div class=\"elementor-container elementor-column-gap-default\">\n\t\t\t\t\t<div class=\"elementor-column elementor-col-100 elementor-top-column elementor-element elementor-element-4ae1dadc\" data-id=\"4ae1dadc\" data-element_type=\"column\">\n\t\t\t<div class=\"elementor-widget-wrap elementor-element-populated\">\n\t\t\t\t\t\t<div class=\"elementor-element elementor-element-7c288f13 elementor-widget elementor-widget-text-editor\" data-id=\"7c288f13\" data-element_type=\"widget\" data-widget_type=\"text-editor.default\">\n\t\t\t\t<div class=\"elementor-widget-container\">\n\t\t\t\t\t\t\t\t\t<p><\/p>\n<p class=\"MsoNormal\" style=\"line-height: normal;\"><span style=\"font-size: 12.0pt; font-family: 'Arial',sans-serif;\">Liebe Besucher,<\/span><\/p>\n<p class=\"MsoNormal\" style=\"line-height: normal;\"><span style=\"font-size: 12.0pt; font-family: 'Arial',sans-serif;\">vorab eine kurze Information zur Historie:<\/span><\/p>\n<p>\u00a0<\/p>\n<p class=\"MsoNormal\" style=\"line-height: normal;\"><span style=\"font-size: 12.0pt; font-family: 'Arial',sans-serif;\">Im Jahre 2008 wurde die Rezeptur f\u00fcr den Heilkr\u00e4uterlik\u00f6r \u201eChrodegang\u201c von uns (Rita und Gunold Schlappner) in Kooperation mit einer regionalen Brennerei zusammengestellt. Er sollte sich mit dem Welterbe Kloster Lorsch sowie dessen Kr\u00e4utergarten identifizieren.<\/span><\/p>\n<p><\/p>\t\t\t\t\t\t\t\t<\/div>\n\t\t\t\t<\/div>\n\t\t\t\t\t<\/div>\n\t\t<\/div>\n\t\t\t\t\t<\/div>\n\t\t<\/section>\n\t\t\t\t<section class=\"elementor-section elementor-top-section elementor-element elementor-element-d8f9ac3 elementor-section-boxed elementor-section-height-default elementor-section-height-default\" data-id=\"d8f9ac3\" data-element_type=\"section\">\n\t\t\t\t\t\t<div class=\"elementor-container elementor-column-gap-default\">\n\t\t\t\t\t<div class=\"elementor-column elementor-col-100 elementor-top-column elementor-element elementor-element-983e72e\" data-id=\"983e72e\" data-element_type=\"column\">\n\t\t\t<div class=\"elementor-widget-wrap elementor-element-populated\">\n\t\t\t\t\t\t<div class=\"elementor-element elementor-element-ebefe20 elementor-widget__width-initial elementor-arrows-position-inside elementor-pagination-position-outside elementor-widget elementor-widget-image-carousel\" data-id=\"ebefe20\" data-element_type=\"widget\" data-settings=\"{&quot;slides_to_show&quot;:&quot;1&quot;,&quot;navigation&quot;:&quot;both&quot;,&quot;autoplay&quot;:&quot;yes&quot;,&quot;pause_on_hover&quot;:&quot;yes&quot;,&quot;pause_on_interaction&quot;:&quot;yes&quot;,&quot;autoplay_speed&quot;:5000,&quot;infinite&quot;:&quot;yes&quot;,&quot;effect&quot;:&quot;slide&quot;,&quot;speed&quot;:500}\" data-widget_type=\"image-carousel.default\">\n\t\t\t\t<div class=\"elementor-widget-container\">\n\t\t\t\t\t\t\t<div class=\"elementor-image-carousel-wrapper swiper\" role=\"region\" aria-roledescription=\"carousel\" aria-label=\"Bild Karussell\" dir=\"ltr\">\n\t\t\t<div class=\"elementor-image-carousel swiper-wrapper\" aria-live=\"off\">\n\t\t\t\t\t\t\t\t<div class=\"swiper-slide\" role=\"group\" aria-roledescription=\"slide\" aria-label=\"1 von 2\"><figure class=\"swiper-slide-inner\"><img decoding=\"async\" class=\"swiper-slide-image\" src=\"https:\/\/schlappner.org\/wp-content\/uploads\/2025\/10\/chrAlle-1.jpeg\" alt=\"chrAlle\" \/><\/figure><\/div><div class=\"swiper-slide\" role=\"group\" aria-roledescription=\"slide\" aria-label=\"2 von 2\"><figure class=\"swiper-slide-inner\"><img decoding=\"async\" class=\"swiper-slide-image\" src=\"https:\/\/schlappner.org\/wp-content\/uploads\/2025\/10\/sandhasen-1.jpeg\" alt=\"sandhasen\" \/><\/figure><\/div>\t\t\t<\/div>\n\t\t\t\t\t\t\t\t\t\t\t\t<div class=\"elementor-swiper-button elementor-swiper-button-prev\" role=\"button\" tabindex=\"0\">\n\t\t\t\t\t\t<i aria-hidden=\"true\" class=\"eicon-chevron-left\"><\/i>\t\t\t\t\t<\/div>\n\t\t\t\t\t<div class=\"elementor-swiper-button elementor-swiper-button-next\" role=\"button\" tabindex=\"0\">\n\t\t\t\t\t\t<i aria-hidden=\"true\" class=\"eicon-chevron-right\"><\/i>\t\t\t\t\t<\/div>\n\t\t\t\t\n\t\t\t\t\t\t\t\t\t<div class=\"swiper-pagination\"><\/div>\n\t\t\t\t\t\t\t\t\t<\/div>\n\t\t\t\t\t\t<\/div>\n\t\t\t\t<\/div>\n\t\t\t\t\t<\/div>\n\t\t<\/div>\n\t\t\t\t\t<\/div>\n\t\t<\/section>\n\t\t\t\t<section class=\"elementor-section elementor-top-section elementor-element elementor-element-fc7bd96 elementor-section-boxed elementor-section-height-default elementor-section-height-default\" data-id=\"fc7bd96\" data-element_type=\"section\">\n\t\t\t\t\t\t<div class=\"elementor-container elementor-column-gap-default\">\n\t\t\t\t\t<div class=\"elementor-column elementor-col-100 elementor-top-column elementor-element elementor-element-17ae141\" data-id=\"17ae141\" data-element_type=\"column\">\n\t\t\t<div class=\"elementor-widget-wrap elementor-element-populated\">\n\t\t\t\t\t\t<div class=\"elementor-element elementor-element-b988dca elementor-widget elementor-widget-image\" data-id=\"b988dca\" data-element_type=\"widget\" data-widget_type=\"image.default\">\n\t\t\t\t<div class=\"elementor-widget-container\">\n\t\t\t\t\t\t\t\t\t\t\t\t\t\t\t<img fetchpriority=\"high\" decoding=\"async\" width=\"1355\" height=\"220\" src=\"https:\/\/schlappner.org\/wp-content\/uploads\/2023\/07\/chrodegang2.jpg\" class=\"attachment-full size-full wp-image-66\" alt=\"\" srcset=\"https:\/\/schlappner.org\/wp-content\/uploads\/2023\/07\/chrodegang2.jpg 1355w, https:\/\/schlappner.org\/wp-content\/uploads\/2023\/07\/chrodegang2-300x49.jpg 300w, https:\/\/schlappner.org\/wp-content\/uploads\/2023\/07\/chrodegang2-1024x166.jpg 1024w, https:\/\/schlappner.org\/wp-content\/uploads\/2023\/07\/chrodegang2-768x125.jpg 768w\" sizes=\"100vw\" \/>\t\t\t\t\t\t\t\t\t\t\t\t\t\t\t<\/div>\n\t\t\t\t<\/div>\n\t\t\t\t\t<\/div>\n\t\t<\/div>\n\t\t\t\t\t<\/div>\n\t\t<\/section>\n\t\t\t\t<section class=\"elementor-section elementor-top-section elementor-element elementor-element-9949641 elementor-section-boxed elementor-section-height-default elementor-section-height-default\" data-id=\"9949641\" data-element_type=\"section\">\n\t\t\t\t\t\t<div class=\"elementor-container elementor-column-gap-default\">\n\t\t\t\t\t<div class=\"elementor-column elementor-col-50 elementor-top-column elementor-element elementor-element-e5b5619\" data-id=\"e5b5619\" data-element_type=\"column\">\n\t\t\t<div class=\"elementor-widget-wrap elementor-element-populated\">\n\t\t\t\t\t\t<div class=\"elementor-element elementor-element-a884ed4 elementor-widget elementor-widget-text-editor\" data-id=\"a884ed4\" data-element_type=\"widget\" data-widget_type=\"text-editor.default\">\n\t\t\t\t<div class=\"elementor-widget-container\">\n\t\t\t\t\t\t\t\t\t<p class=\"MsoNormal\" style=\"line-height: normal;\"><b><span style=\"font-size: 12.0pt; font-family: 'Arial',sans-serif;\">Bischof Chrodegang<\/span><\/b><\/p>\n<p class=\"MsoNormal\" style=\"line-height: normal;\"><span style=\"font-size: 12.0pt; font-family: 'Arial',sans-serif;\">wurde um 715 in Haspengau \u2013 heute Limburg in Belgien \u2013 geboren und starb am 6. M\u00e4rz 766 in Metz. Er war Bischof von Metz und Erzbischof von Austrasien.<\/span><\/p>\t\t\t\t\t\t\t\t<\/div>\n\t\t\t\t<\/div>\n\t\t\t\t<div class=\"elementor-element elementor-element-b7f3963 elementor-widget elementor-widget-text-editor\" data-id=\"b7f3963\" data-element_type=\"widget\" data-widget_type=\"text-editor.default\">\n\t\t\t\t<div class=\"elementor-widget-container\">\n\t\t\t\t\t\t\t\t\t<p class=\"MsoNormal\" style=\"line-height: normal;\"><b><span style=\"font-size: 12.0pt; font-family: 'Arial',sans-serif;\">Bischof Chrodegang<\/span><\/b><\/p>\n<p class=\"MsoNormal\" style=\"line-height: normal;\"><span style=\"font-size: 12.0pt; font-family: 'Arial',sans-serif;\">erhielt im Jahre 764 von seinen Verwandten Williswinda und deren Sohn Gaugraf Cancor das Kloster Lorsch geschenkt und entsandte die ersten M\u00f6nche in das Kloster, welches unter der F\u00fchrung seines Bruders Gundeland stand.<\/span><\/p>\n<p class=\"MsoNormal\" style=\"line-height: normal;\"><span style=\"font-size: 12.0pt; font-family: 'Arial',sans-serif;\">\u00a0<\/span><\/p>\n<p class=\"MsoNormal\" style=\"line-height: normal;\"><span style=\"font-size: 12.0pt; font-family: 'Arial',sans-serif;\">Der Heilkr\u00e4uterlik\u00f6r \u201eChrodegang\u201c wird in Gedenken an den Gr\u00fcnderbischof des Klosters Lorsch und dessen Kr\u00e4utergarten hergestellt und tr\u00e4gt somit seinen Namen.<\/span><\/p>\n<p class=\"MsoNormal\" style=\"line-height: normal;\"><span style=\"font-size: 12.0pt; font-family: 'Arial',sans-serif;\">\u00a0<\/span><\/p>\n<p class=\"MsoNormal\" style=\"line-height: normal;\"><span style=\"font-size: 12.0pt; font-family: 'Arial',sans-serif;\">Der Lik\u00f6r enth\u00e4lt 24 Kr\u00e4uter und wurde auf nat\u00fcrliche Weise ges\u00fc\u00dft (Heidelbeersirup). <\/span><\/p>\n<p class=\"MsoNormal\" style=\"line-height: normal;\"><span style=\"font-size: 12.0pt; font-family: 'Arial',sans-serif;\">\u00a0<\/span><\/p>\n<p class=\"MsoNormal\" style=\"line-height: normal;\"><span style=\"font-size: 12.0pt; font-family: 'Arial',sans-serif;\">24 Heilkr\u00e4uter<\/span><\/p>\n<p>\u00a0<\/p>\n<p class=\"MsoNormal\" style=\"line-height: normal;\"><span style=\"font-size: 12.0pt; font-family: 'Arial',sans-serif;\">Soll ich die einzelnen Kr\u00e4uter nochmals hier abschreiben oder kannst du die aus dem Flyer verwenden?<\/span><\/p>\t\t\t\t\t\t\t\t<\/div>\n\t\t\t\t<\/div>\n\t\t\t\t\t<\/div>\n\t\t<\/div>\n\t\t\t\t<div class=\"elementor-column elementor-col-50 elementor-top-column elementor-element elementor-element-eeccefd\" data-id=\"eeccefd\" data-element_type=\"column\">\n\t\t\t<div class=\"elementor-widget-wrap elementor-element-populated\">\n\t\t\t\t\t\t<div class=\"elementor-element elementor-element-2cbb206 elementor-widget elementor-widget-image\" data-id=\"2cbb206\" data-element_type=\"widget\" data-widget_type=\"image.default\">\n\t\t\t\t<div class=\"elementor-widget-container\">\n\t\t\t\t\t\t\t\t\t\t\t\t\t\t\t<img decoding=\"async\" width=\"525\" height=\"810\" src=\"https:\/\/schlappner.org\/wp-content\/uploads\/2023\/07\/chrodegang.jpg\" class=\"attachment-medium_large size-medium_large wp-image-63\" alt=\"\" srcset=\"https:\/\/schlappner.org\/wp-content\/uploads\/2023\/07\/chrodegang.jpg 548w, https:\/\/schlappner.org\/wp-content\/uploads\/2023\/07\/chrodegang-195x300.jpg 195w\" sizes=\"100vw\" \/>\t\t\t\t\t\t\t\t\t\t\t\t\t\t\t<\/div>\n\t\t\t\t<\/div>\n\t\t\t\t\t<\/div>\n\t\t<\/div>\n\t\t\t\t\t<\/div>\n\t\t<\/section>\n\t\t\t\t<section class=\"elementor-section elementor-top-section elementor-element elementor-element-7d656c8 elementor-section-boxed elementor-section-height-default elementor-section-height-default\" data-id=\"7d656c8\" data-element_type=\"section\">\n\t\t\t\t\t\t<div class=\"elementor-container elementor-column-gap-default\">\n\t\t\t\t\t<div class=\"elementor-column elementor-col-100 elementor-top-column elementor-element elementor-element-2a0ab04\" data-id=\"2a0ab04\" data-element_type=\"column\">\n\t\t\t<div class=\"elementor-widget-wrap\">\n\t\t\t\t\t\t\t<\/div>\n\t\t<\/div>\n\t\t\t\t\t<\/div>\n\t\t<\/section>\n\t\t\t\t<section class=\"elementor-section elementor-top-section elementor-element elementor-element-04b8eb6 elementor-section-boxed elementor-section-height-default elementor-section-height-default\" data-id=\"04b8eb6\" data-element_type=\"section\">\n\t\t\t\t\t\t<div class=\"elementor-container elementor-column-gap-default\">\n\t\t\t\t\t<div class=\"elementor-column elementor-col-100 elementor-top-column elementor-element elementor-element-1d08425\" data-id=\"1d08425\" data-element_type=\"column\">\n\t\t\t<div class=\"elementor-widget-wrap\">\n\t\t\t\t\t\t\t<\/div>\n\t\t<\/div>\n\t\t\t\t\t<\/div>\n\t\t<\/section>\n\t\t\t\t<section class=\"elementor-section elementor-top-section elementor-element elementor-element-c565408 elementor-section-boxed elementor-section-height-default elementor-section-height-default\" data-id=\"c565408\" data-element_type=\"section\">\n\t\t\t\t\t\t<div class=\"elementor-container elementor-column-gap-default\">\n\t\t\t\t\t<div class=\"elementor-column elementor-col-100 elementor-top-column elementor-element elementor-element-f41ed58\" data-id=\"f41ed58\" data-element_type=\"column\">\n\t\t\t<div class=\"elementor-widget-wrap elementor-element-populated\">\n\t\t\t\t\t\t<div class=\"elementor-element elementor-element-72b1168 elementor-widget elementor-widget-spacer\" data-id=\"72b1168\" data-element_type=\"widget\" data-widget_type=\"spacer.default\">\n\t\t\t\t<div class=\"elementor-widget-container\">\n\t\t\t\t\t\t\t<div class=\"elementor-spacer\">\n\t\t\t<div class=\"elementor-spacer-inner\"><\/div>\n\t\t<\/div>\n\t\t\t\t\t\t<\/div>\n\t\t\t\t<\/div>\n\t\t\t\t<div class=\"elementor-element elementor-element-4365e79 elementor-widget elementor-widget-image\" data-id=\"4365e79\" data-element_type=\"widget\" data-widget_type=\"image.default\">\n\t\t\t\t<div class=\"elementor-widget-container\">\n\t\t\t\t\t\t\t\t\t\t\t\t\t\t\t<img decoding=\"async\" width=\"525\" height=\"71\" src=\"https:\/\/schlappner.org\/wp-content\/uploads\/2023\/07\/Sandhasgross-1024x138.jpg\" class=\"attachment-large size-large wp-image-67\" alt=\"\" srcset=\"https:\/\/schlappner.org\/wp-content\/uploads\/2023\/07\/Sandhasgross-1024x138.jpg 1024w, https:\/\/schlappner.org\/wp-content\/uploads\/2023\/07\/Sandhasgross-300x40.jpg 300w, https:\/\/schlappner.org\/wp-content\/uploads\/2023\/07\/Sandhasgross-768x104.jpg 768w, https:\/\/schlappner.org\/wp-content\/uploads\/2023\/07\/Sandhasgross-1536x207.jpg 1536w, https:\/\/schlappner.org\/wp-content\/uploads\/2023\/07\/Sandhasgross.jpg 1773w\" sizes=\"100vw\" \/>\t\t\t\t\t\t\t\t\t\t\t\t\t\t\t<\/div>\n\t\t\t\t<\/div>\n\t\t\t\t\t<\/div>\n\t\t<\/div>\n\t\t\t\t\t<\/div>\n\t\t<\/section>\n\t\t\t\t<section class=\"elementor-section elementor-top-section elementor-element elementor-element-b13e669 elementor-section-boxed elementor-section-height-default elementor-section-height-default\" data-id=\"b13e669\" data-element_type=\"section\">\n\t\t\t\t\t\t<div class=\"elementor-container elementor-column-gap-default\">\n\t\t\t\t\t<div class=\"elementor-column elementor-col-100 elementor-top-column elementor-element elementor-element-6e7cfbf\" data-id=\"6e7cfbf\" data-element_type=\"column\">\n\t\t\t<div class=\"elementor-widget-wrap\">\n\t\t\t\t\t\t\t<\/div>\n\t\t<\/div>\n\t\t\t\t\t<\/div>\n\t\t<\/section>\n\t\t\t\t<section class=\"elementor-section elementor-top-section elementor-element elementor-element-e5ee514 elementor-section-boxed elementor-section-height-default elementor-section-height-default\" data-id=\"e5ee514\" data-element_type=\"section\">\n\t\t\t\t\t\t<div class=\"elementor-container elementor-column-gap-default\">\n\t\t\t\t\t<div class=\"elementor-column elementor-col-50 elementor-top-column elementor-element elementor-element-8b49fb5\" data-id=\"8b49fb5\" data-element_type=\"column\">\n\t\t\t<div class=\"elementor-widget-wrap elementor-element-populated\">\n\t\t\t\t\t\t<div class=\"elementor-element elementor-element-7949ec2 elementor-widget elementor-widget-text-editor\" data-id=\"7949ec2\" data-element_type=\"widget\" data-widget_type=\"text-editor.default\">\n\t\t\t\t<div class=\"elementor-widget-container\">\n\t\t\t\t\t\t\t\t\t<p class=\"MsoNormal\" style=\"line-height: normal;\"><b><span style=\"font-size: 12.0pt; font-family: 'Arial',sans-serif;\">Bischof Chrodegang<\/span><\/b><\/p>\n<p>\u00a0<\/p>\n<p class=\"MsoNormal\" style=\"line-height: normal;\"><span style=\"font-size: 12.0pt; font-family: 'Arial',sans-serif;\">wurde um 715 in Haspengau \u2013 heute Limburg in Belgien \u2013 geboren und starb am 6. M\u00e4rz 766 in Metz. Er war Bischof von Metz und Erzbischof von Austrasien.<\/span><\/p>\t\t\t\t\t\t\t\t<\/div>\n\t\t\t\t<\/div>\n\t\t\t\t<div class=\"elementor-element elementor-element-943b70c elementor-widget elementor-widget-text-editor\" data-id=\"943b70c\" data-element_type=\"widget\" data-widget_type=\"text-editor.default\">\n\t\t\t\t<div class=\"elementor-widget-container\">\n\t\t\t\t\t\t\t\t\t<p class=\"MsoNormal\" style=\"line-height: normal;\"><b><span style=\"font-size: 12.0pt; font-family: 'Arial',sans-serif;\">Bischof Chrodegang<\/span><\/b><\/p>\n<p class=\"MsoNormal\" style=\"line-height: normal;\"><span style=\"font-size: 12.0pt; font-family: 'Arial',sans-serif;\">erhielt im Jahre 764 von seinen Verwandten Williswinda und deren Sohn Gaugraf Cancor das Kloster Lorsch geschenkt und entsandte die ersten M\u00f6nche in das Kloster, welches unter der F\u00fchrung seines Bruders Gundeland stand.<\/span><\/p>\n<p class=\"MsoNormal\" style=\"line-height: normal;\"><span style=\"font-size: 12.0pt; font-family: 'Arial',sans-serif;\">\u00a0<\/span><\/p>\n<p class=\"MsoNormal\" style=\"line-height: normal;\"><span style=\"font-size: 12.0pt; font-family: 'Arial',sans-serif;\">Der Heilkr\u00e4uterlik\u00f6r \u201eChrodegang\u201c wird in Gedenken an den Gr\u00fcnderbischof des Klosters Lorsch und dessen Kr\u00e4utergarten hergestellt und tr\u00e4gt somit seinen Namen.<\/span><\/p>\n<p class=\"MsoNormal\" style=\"line-height: normal;\"><span style=\"font-size: 12.0pt; font-family: 'Arial',sans-serif;\">\u00a0<\/span><\/p>\n<p class=\"MsoNormal\" style=\"line-height: normal;\"><span style=\"font-size: 12.0pt; font-family: 'Arial',sans-serif;\">Der Lik\u00f6r enth\u00e4lt 24 Kr\u00e4uter und wurde auf nat\u00fcrliche Weise ges\u00fc\u00dft (Heidelbeersirup). <\/span><\/p>\n<p class=\"MsoNormal\" style=\"line-height: normal;\"><span style=\"font-size: 12.0pt; font-family: 'Arial',sans-serif;\">\u00a0<\/span><\/p>\n<p class=\"MsoNormal\" style=\"line-height: normal;\"><span style=\"font-size: 12.0pt; font-family: 'Arial',sans-serif;\">24 Heilkr\u00e4uter<\/span><\/p>\n<p>\u00a0<\/p>\n<p class=\"MsoNormal\" style=\"line-height: normal;\"><span style=\"font-size: 12.0pt; font-family: 'Arial',sans-serif;\">Soll ich die einzelnen Kr\u00e4uter nochmals hier abschreiben oder kannst du die aus dem Flyer verwenden?<\/span><\/p>\t\t\t\t\t\t\t\t<\/div>\n\t\t\t\t<\/div>\n\t\t\t\t\t<\/div>\n\t\t<\/div>\n\t\t\t\t<div class=\"elementor-column elementor-col-50 elementor-top-column elementor-element elementor-element-d2f6747\" data-id=\"d2f6747\" data-element_type=\"column\">\n\t\t\t<div class=\"elementor-widget-wrap elementor-element-populated\">\n\t\t\t\t\t\t<div class=\"elementor-element elementor-element-8995119 elementor-widget elementor-widget-image\" data-id=\"8995119\" data-element_type=\"widget\" data-widget_type=\"image.default\">\n\t\t\t\t<div class=\"elementor-widget-container\">\n\t\t\t\t\t\t\t\t\t\t\t\t\t\t\t<img loading=\"lazy\" decoding=\"async\" width=\"525\" height=\"804\" src=\"https:\/\/schlappner.org\/wp-content\/uploads\/2023\/07\/sandhaspdf.jpg\" class=\"attachment-large size-large wp-image-65\" alt=\"\" srcset=\"https:\/\/schlappner.org\/wp-content\/uploads\/2023\/07\/sandhaspdf.jpg 548w, https:\/\/schlappner.org\/wp-content\/uploads\/2023\/07\/sandhaspdf-196x300.jpg 196w\" sizes=\"100vw\" \/>\t\t\t\t\t\t\t\t\t\t\t\t\t\t\t<\/div>\n\t\t\t\t<\/div>\n\t\t\t\t\t<\/div>\n\t\t<\/div>\n\t\t\t\t\t<\/div>\n\t\t<\/section>\n\t\t\t\t<section class=\"elementor-section elementor-top-section elementor-element elementor-element-15e4d0d elementor-section-boxed elementor-section-height-default elementor-section-height-default\" data-id=\"15e4d0d\" data-element_type=\"section\">\n\t\t\t\t\t\t<div class=\"elementor-container elementor-column-gap-default\">\n\t\t\t\t\t<div class=\"elementor-column elementor-col-33 elementor-top-column elementor-element elementor-element-cfa4740\" data-id=\"cfa4740\" data-element_type=\"column\">\n\t\t\t<div class=\"elementor-widget-wrap elementor-element-populated\">\n\t\t\t\t\t\t<div class=\"elementor-element elementor-element-48fad90 elementor-widget elementor-widget-text-editor\" data-id=\"48fad90\" data-element_type=\"widget\" data-widget_type=\"text-editor.default\">\n\t\t\t\t<div class=\"elementor-widget-container\">\n\t\t\t\t\t\t\t\t\t<p><strong>Schlappner GbR<\/strong><\/p>\n<p><strong>Adresse<\/strong><br \/>H\u00fcgelstra\u00dfe 16<br \/>64653 Lorsch<\/p>\n<p>\u00a0<\/p>\n<p><strong>\u00d6ffnungszeiten<\/strong><br \/>Nach Absprache<\/p>\t\t\t\t\t\t\t\t<\/div>\n\t\t\t\t<\/div>\n\t\t\t\t\t<\/div>\n\t\t<\/div>\n\t\t\t\t<div class=\"elementor-column elementor-col-66 elementor-top-column elementor-element elementor-element-9dd484d\" data-id=\"9dd484d\" data-element_type=\"column\">\n\t\t\t<div class=\"elementor-widget-wrap elementor-element-populated\">\n\t\t\t\t\t\t<div class=\"elementor-element elementor-element-3b2c27a elementor-widget elementor-widget-google_maps\" data-id=\"3b2c27a\" data-element_type=\"widget\" data-widget_type=\"google_maps.default\">\n\t\t\t\t<div class=\"elementor-widget-container\">\n\t\t\t\t\t\t\t<div class=\"elementor-custom-embed\">\n\t\t\t<iframe loading=\"lazy\"\n\t\t\t\t\tsrc=\"https:\/\/maps.google.com\/maps?q=H%C3%BCgelstrasse%2016%20Lorsch&#038;t=m&#038;z=13&#038;output=embed&#038;iwloc=near\"\n\t\t\t\t\ttitle=\"H\u00fcgelstrasse 16 Lorsch\"\n\t\t\t\t\taria-label=\"H\u00fcgelstrasse 16 Lorsch\"\n\t\t\t><\/iframe>\n\t\t<\/div>\n\t\t\t\t\t\t<\/div>\n\t\t\t\t<\/div>\n\t\t\t\t\t<\/div>\n\t\t<\/div>\n\t\t\t\t\t<\/div>\n\t\t<\/section>\n\t\t\t\t<\/div>\n\t\t","protected":false},"excerpt":{"rendered":"<p>Liebe Besucher, vorab eine kurze Information zur Historie: \u00a0 Im Jahre 2008 wurde die Rezeptur f\u00fcr den Heilkr\u00e4uterlik\u00f6r \u201eChrodegang\u201c von uns (Rita und Gunold Schlappner) in Kooperation mit einer regionalen Brennerei zusammengestellt. Er sollte sich mit dem Welterbe Kloster Lorsch sowie dessen Kr\u00e4utergarten identifizieren. Bischof Chrodegang wurde um 715 in Haspengau \u2013 heute Limburg in &hellip; <\/p>\n<p class=\"link-more\"><a href=\"https:\/\/schlappner.org\/\" class=\"more-link\"><span class=\"screen-reader-text\">\u201eStartseite2\u201c<\/span> weiterlesen<\/a><\/p>\n","protected":false},"author":1,"featured_media":86,"parent":0,"menu_order":0,"comment_status":"closed","ping_status":"closed","template":"elementor_header_footer","meta":{"footnotes":""},"class_list":["post-24","page","type-page","status-publish","has-post-thumbnail","hentry"],"_links":{"self":[{"href":"https:\/\/schlappner.org\/index.php\/wp-json\/wp\/v2\/pages\/24","targetHints":{"allow":["GET"]}}],"collection":[{"href":"https:\/\/schlappner.org\/index.php\/wp-json\/wp\/v2\/pages"}],"about":[{"href":"https:\/\/schlappner.org\/index.php\/wp-json\/wp\/v2\/types\/page"}],"author":[{"embeddable":true,"href":"https:\/\/schlappner.org\/index.php\/wp-json\/wp\/v2\/users\/1"}],"replies":[{"embeddable":true,"href":"https:\/\/schlappner.org\/index.php\/wp-json\/wp\/v2\/comments?post=24"}],"version-history":[{"count":34,"href":"https:\/\/schlappner.org\/index.php\/wp-json\/wp\/v2\/pages\/24\/revisions"}],"predecessor-version":[{"id":112,"href":"https:\/\/schlappner.org\/index.php\/wp-json\/wp\/v2\/pages\/24\/revisions\/112"}],"wp:featuredmedia":[{"embeddable":true,"href":"https:\/\/schlappner.org\/index.php\/wp-json\/wp\/v2\/media\/86"}],"wp:attachment":[{"href":"https:\/\/schlappner.org\/index.php\/wp-json\/wp\/v2\/media?parent=24"}],"curies":[{"name":"wp","href":"https:\/\/api.w.org\/{rel}","templated":true}]}}